{"id":287,"date":"2023-12-07T10:18:39","date_gmt":"2023-12-07T09:18:39","guid":{"rendered":"https:\/\/www.fuzeau.com\/blog\/?page_id=287"},"modified":"2023-12-07T10:19:55","modified_gmt":"2023-12-07T09:19:55","slug":"plan-du-site","status":"publish","type":"page","link":"https:\/\/www.fuzeau.com\/blog\/plan-du-site\/","title":{"rendered":"Plan du site"},"content":{"rendered":"\t\t<div data-elementor-type=\"wp-page\" data-elementor-id=\"287\" class=\"elementor elementor-287\" data-elementor-post-type=\"page\">\n\t\t\t\t\t\t<section class=\"elementor-section elementor-top-section elementor-element elementor-element-521d82f elementor-section-boxed elementor-section-height-default elementor-section-height-default\" data-id=\"521d82f\" data-element_type=\"section\">\n\t\t\t\t\t\t<div class=\"elementor-container elementor-column-gap-default\">\n\t\t\t\t\t<div class=\"elementor-column elementor-col-100 elementor-top-column elementor-element elementor-element-1f13e3f\" data-id=\"1f13e3f\" data-element_type=\"column\">\n\t\t\t<div class=\"elementor-widget-wrap elementor-element-populated\">\n\t\t\t\t\t\t<div class=\"elementor-element elementor-element-eb67a8d elementor-widget elementor-widget-heading\" data-id=\"eb67a8d\" data-element_type=\"widget\" data-widget_type=\"heading.default\">\n\t\t\t\t<div class=\"elementor-widget-container\">\n\t\t\t<style>\/*! elementor - v3.22.0 - 26-06-2024 *\/\n.elementor-heading-title{padding:0;margin:0;line-height:1}.elementor-widget-heading .elementor-heading-title[class*=elementor-size-]>a{color:inherit;font-size:inherit;line-height:inherit}.elementor-widget-heading .elementor-heading-title.elementor-size-small{font-size:15px}.elementor-widget-heading .elementor-heading-title.elementor-size-medium{font-size:19px}.elementor-widget-heading .elementor-heading-title.elementor-size-large{font-size:29px}.elementor-widget-heading .elementor-heading-title.elementor-size-xl{font-size:39px}.elementor-widget-heading .elementor-heading-title.elementor-size-xxl{font-size:59px}<\/style><h1 class=\"elementor-heading-title elementor-size-default\">Plan du site<\/h1>\t\t<\/div>\n\t\t\t\t<\/div>\n\t\t\t\t<div class=\"elementor-element elementor-element-9a0f959 elementor-widget elementor-widget-shortcode\" data-id=\"9a0f959\" data-element_type=\"widget\" data-widget_type=\"shortcode.default\">\n\t\t\t\t<div class=\"elementor-widget-container\">\n\t\t\t\t\t<div class=\"elementor-shortcode\"><div class=\"wsp-container\"><h2 class=\"wsp-posts-title\">Articles par cat\u00e9gorie<\/h2>\n<ul class=\"wsp-posts-list\">\n\t<li><strong class=\"wsp-category-title\">Cat\u00e9gorie\u00a0: <a href=\"https:\/\/www.fuzeau.com\/blog\/category\/eveil-musical\/\">\u00c9veil musical<\/a><\/strong>\n<ul class=\"wsp-posts-list\">\t\t<li class=\"wsp-post\"><a href=\"https:\/\/www.fuzeau.com\/blog\/le-guide-complet-de-l-eveil-musical-0-8-ans\/\">Le guide complet de l&rsquo;\u00e9veil musical (0-8 ans)<\/a><\/li>\n\t\t<li class=\"wsp-post\"><a href=\"https:\/\/www.fuzeau.com\/blog\/instruments-pedagogiques-vs-jouets-musicaux-comment-faire-le-bon-choix\/\">Instruments p\u00e9dagogiques vs jouets musicaux : comment faire le bon choix ?<\/a><\/li>\n\t\t<li class=\"wsp-post\"><a href=\"https:\/\/www.fuzeau.com\/blog\/carillon-pianot-boomwhackers-mini-metallonotes-cloches-quel-instrument-choisir-pour-debuter\/\">Carillon Pianot&rsquo;, Boomwhackers, Mini-m\u00e9tallonotes, Cloches : Quel instrument choisir pour d\u00e9buter ?<\/a><\/li>\n\t\t<li class=\"wsp-post\"><a href=\"https:\/\/www.fuzeau.com\/blog\/eveiller-la-creativite-musicale-en-famille\/\">\u00c9veiller la cr\u00e9ativit\u00e9 musicale en famille<\/a><\/li>\n\t\t<li class=\"wsp-post\"><a href=\"https:\/\/www.fuzeau.com\/blog\/la-musique-comme-moyen-dexplorer-les-emotions-chez-les-tout-petits\/\">La musique comme moyen d\u2019explorer les \u00e9motions chez les tout-petits<\/a><\/li>\n\t\t<li class=\"wsp-post\"><a href=\"https:\/\/www.fuzeau.com\/blog\/les-bienfaits-de-la-musique-pour-le-developpement-des-enfants\/\">Les bienfaits de la musique pour le d\u00e9veloppement des enfants<\/a><\/li>\n\t\t<li class=\"wsp-post\"><a href=\"https:\/\/www.fuzeau.com\/blog\/les-instruments-de-musique-les-plus-faciles-pour-les-enfants\/\">Les instruments de musique les plus faciles pour les enfants<\/a><\/li>\n\t\t<li class=\"wsp-post\"><a href=\"https:\/\/www.fuzeau.com\/blog\/rythme-afrcain-facile-activites-musicales-pour-enfants-avec-petites-percussions\/\">Rythmes africains faciles : activit\u00e9s musicales pour enfants avec petites percussions<\/a><\/li>\n\t\t<li class=\"wsp-post\"><a href=\"https:\/\/www.fuzeau.com\/blog\/comment-initier-un-enfant-a-la-musique\/\">Comment initier un enfant \u00e0 la musique ?<\/a><\/li>\n\t\t<li class=\"wsp-post\"><a href=\"https:\/\/www.fuzeau.com\/blog\/petites-percussions-et-memoire-un-duo-gagnant-pour-lapprentissage\/\">Petites percussions et m\u00e9moire : un duo gagnant pour l\u2019apprentissage<\/a><\/li>\n\t\t<li class=\"wsp-post\"><a href=\"https:\/\/www.fuzeau.com\/blog\/les-percussions-et-la-coordination-motrice-jeux-et-exercices-pour-enfants\/\">Les percussions et la coordination motrice : jeux et exercices pour enfants<\/a><\/li>\n\t\t<li class=\"wsp-post\"><a href=\"https:\/\/www.fuzeau.com\/blog\/top-10-des-activites-musicales-pour-animer-un-anniversaire-denfant\/\">Top 10 des activit\u00e9s musicales pour animer un anniversaire d\u2019enfant<\/a><\/li>\n\t\t<li class=\"wsp-post\"><a href=\"https:\/\/www.fuzeau.com\/blog\/comment-creer-un-environnement-musical-stimulant-a-la-maison\/\">Comment cr\u00e9er un environnement musical stimulant \u00e0 la maison<\/a><\/li>\n\t\t<li class=\"wsp-post\"><a href=\"https:\/\/www.fuzeau.com\/blog\/faire-decouvrir-les-musiques-du-monde-en-classe-de-primaire-une-approche-ludique-et-educative\/\">Faire d\u00e9couvrir les musiques du monde en classe de primaire : Une approche ludique et \u00e9ducative<\/a><\/li>\n\t\t<li class=\"wsp-post\"><a href=\"https:\/\/www.fuzeau.com\/blog\/utiliser-la-musique-pour-favoriser-la-cohesion-de-groupe-en-classe\/\">Utiliser la musique pour favoriser la coh\u00e9sion de groupe en classe<\/a><\/li>\n\t\t<li class=\"wsp-post\"><a href=\"https:\/\/www.fuzeau.com\/blog\/comment-integrer-les-eleves-en-situation-de-handicap-dans-un-atelier-musical-cles-pour-une-inclusion-reussie\/\">Comment int\u00e9grer les \u00e9l\u00e8ves en situation de handicap dans un atelier musical : cl\u00e9s pour une inclusion r\u00e9ussie<\/a><\/li>\n\t\t<li class=\"wsp-post\"><a href=\"https:\/\/www.fuzeau.com\/blog\/les-percussions-corporelles-outil-d-expression-et-de-coordination-pour-les-eleves\/\">Les percussions corporelles : un outil d&rsquo;expression et de coordination pour les \u00e9l\u00e8ves<\/a><\/li>\n\t\t<li class=\"wsp-post\"><a href=\"https:\/\/www.fuzeau.com\/blog\/comment-integrer-la-musique-dans-les-projets-interdisciplinaires-en-primaire\/\">Comment int\u00e9grer la musique dans les projets interdisciplinaire en primaire ?<\/a><\/li>\n\t\t<li class=\"wsp-post\"><a href=\"https:\/\/www.fuzeau.com\/blog\/la-pedagogie-musicale-a-lecole-comment-nourrir-lesprit-et-lame-des-enfants\/\">La p\u00e9dagogie musicale \u00e0 l\u2019\u00e9cole : Comment nourrir l\u2019esprit et l\u2019\u00e2me des enfants<\/a><\/li>\n\t\t<li class=\"wsp-post\"><a href=\"https:\/\/www.fuzeau.com\/blog\/les-instruments-aux-sonorites-insolites-explorez-un-univers-musical-meconnu\/\">Les instruments aux sonorit\u00e9s insolites : explorez un univers musical m\u00e9connu<\/a><\/li>\n\t\t<li class=\"wsp-post\"><a href=\"https:\/\/www.fuzeau.com\/blog\/instruments-de-musique-reflets-de-cultures-et-dingeniosite-humaine\/\">Instruments de musique : Reflets de cultures et d&rsquo;ing\u00e9niosit\u00e9 humaine<\/a><\/li>\n\t\t<li class=\"wsp-post\"><a href=\"https:\/\/www.fuzeau.com\/blog\/le_pouvoir_de_la_musique_a_tout_age\/\">Le pouvoir de la musique \u00e0 tout \u00e2ge<\/a><\/li>\n\t\t<li class=\"wsp-post\"><a href=\"https:\/\/www.fuzeau.com\/blog\/pourquoi_et_comment_creer_une_histoire_sonore_en_classe\/\">Pourquoi et comment cr\u00e9er une histoire sonore en classe ?<\/a><\/li>\n\t\t<li class=\"wsp-post\"><a href=\"https:\/\/www.fuzeau.com\/blog\/comment-jouer-de-la-musique-sans-connaitre-le-solfege\/\">Comment jouer de la musique sans conna\u00eetre le solf\u00e8ge ?<\/a><\/li>\n\t\t<li class=\"wsp-post\"><a href=\"https:\/\/www.fuzeau.com\/blog\/faire-decouvrir-la-musique-aux-tout-petits\/\">Faire d\u00e9couvrir la musique aux tout-petits<\/a><\/li>\n\t\t<li class=\"wsp-post\"><a href=\"https:\/\/www.fuzeau.com\/blog\/pourquoi-et-comment-creer-un-atelier-musical-en-classe-de-primaire\/\">Pourquoi et comment cr\u00e9er un atelier musical en classe primaire ?<\/a><\/li>\n\t\t<li class=\"wsp-post\"><a href=\"https:\/\/www.fuzeau.com\/blog\/comment-choisir-un-instrument-de-musique-pour-votre-enfant\/\">Comment choisir un instrument de musique pour votre enfant ?<\/a><\/li>\n\t\t<li class=\"wsp-post\"><a href=\"https:\/\/www.fuzeau.com\/blog\/apprendre-la-musique-par-le-jeu-une-approche-ludique-et-efficace\/\">Apprendre la musique par le jeu : une approche ludique et efficace.<\/a><\/li>\n<\/ul><\/li>\n\t<li><strong class=\"wsp-category-title\">Cat\u00e9gorie\u00a0: <a href=\"https:\/\/www.fuzeau.com\/blog\/category\/imprimes-scolaires\/\">Imprim\u00e9s Scolaires<\/a><\/strong>\n<ul class=\"wsp-posts-list\">\t\t<li class=\"wsp-post\"><a href=\"https:\/\/www.fuzeau.com\/blog\/canret-de-correspondance-un-outil-toujours-indispensable\/\">Carnet de correspondance : un outil toujours indispensable<\/a><\/li>\n\t\t<li class=\"wsp-post\"><a href=\"https:\/\/www.fuzeau.com\/blog\/importance-du-lien-entre-les-parents-et-l-etablisement-scolaire-de-leurs-enfants-les-outils-pour-le-renforcer\/\">L&rsquo;importance du lien entre les parents et l&rsquo;\u00e9tablissement scolaire de leurs enfants, les outils pour le renforcer<\/a><\/li>\n\t\t<li class=\"wsp-post\"><a href=\"https:\/\/www.fuzeau.com\/blog\/impression-a-la-demande-pour-les-etablissements-scolaires\/\">L&rsquo;impression \u00e0 la demande pour les \u00e9tablissements scolaires<\/a><\/li>\n<\/ul><\/li>\n\t<li><strong class=\"wsp-category-title\">Cat\u00e9gorie\u00a0: <a href=\"https:\/\/www.fuzeau.com\/blog\/category\/musicadico\/\">Musicadico<\/a><\/strong>\n<ul class=\"wsp-posts-list\">\t\t<li class=\"wsp-post\"><a href=\"https:\/\/www.fuzeau.com\/blog\/tout-savoir-sur-les-boomwhackers\/\">Tout savoir sur les Boomwhackers<\/a><\/li>\n\t\t<li class=\"wsp-post\"><a href=\"https:\/\/www.fuzeau.com\/blog\/tout-savoir-sur-le-carillon-pianot\/\">Tout savoir sur le carillon Pianot&rsquo;<\/a><\/li>\n<\/ul><\/li>\n\t<li><strong class=\"wsp-category-title\">Cat\u00e9gorie\u00a0: <a href=\"https:\/\/www.fuzeau.com\/blog\/category\/seniors\/\">S\u00e9niors<\/a><\/strong>\n<ul class=\"wsp-posts-list\">\t\t<li class=\"wsp-post\"><a href=\"https:\/\/www.fuzeau.com\/blog\/comment-choisir-le-bon-instrument-pour-une-animation-en-ehpad\/\">Comment choisir le bon instrument pour une animation en EHPAD ?<\/a><\/li>\n\t\t<li class=\"wsp-post\"><a href=\"https:\/\/www.fuzeau.com\/blog\/les-animations-musicales-en-ehpad-le-guide-complet-de-a-a-z\/\">Les animations musicales en EHPAD : le guide complet de A \u00e0 Z<\/a><\/li>\n\t\t<li class=\"wsp-post\"><a href=\"https:\/\/www.fuzeau.com\/blog\/comment-choisir-un-jeu-adapte-a-une-personne-agee\/\">Comment choisir un jeu adapt\u00e9 \u00e0 une personne \u00e2g\u00e9e ?<\/a><\/li>\n\t\t<li class=\"wsp-post\"><a href=\"https:\/\/www.fuzeau.com\/blog\/activites-de-reminiscence-utiliser-les-souvenirs-pour-stimuler-la-memoire-des-seniors\/\">Activit\u00e9s de r\u00e9miniscence : utiliser les souvenirs pour stimuler la m\u00e9moire des s\u00e9niors<\/a><\/li>\n\t\t<li class=\"wsp-post\"><a href=\"https:\/\/www.fuzeau.com\/blog\/top-10-des-jeux-adaptes-aux-personnes-agees-et-aux-seniors\/\">Top 10 des jeux adapt\u00e9s aux personnes \u00e2g\u00e9es et aux s\u00e9niors<\/a><\/li>\n\t\t<li class=\"wsp-post\"><a href=\"https:\/\/www.fuzeau.com\/blog\/10-exercices-simples-pour-stimuler-la-memoire-des-seniors\/\">10 exercices simples pour stimuler la m\u00e9moire des s\u00e9niors<\/a><\/li>\n\t\t<li class=\"wsp-post\"><a href=\"https:\/\/www.fuzeau.com\/blog\/comment-organiser-un-atelier-memoire-pour-seniors\/\">Comment organiser un atelier m\u00e9moire pour s\u00e9niors ?<\/a><\/li>\n\t\t<li class=\"wsp-post\"><a href=\"https:\/\/www.fuzeau.com\/blog\/le-role-des-aidants-et-des-animateurs-pour-les-animations-en-maison-de-retraite\/\">Le r\u00f4le des aidants et des animateurs pour les animations en maison de retraite<\/a><\/li>\n\t\t<li class=\"wsp-post\"><a href=\"https:\/\/www.fuzeau.com\/blog\/methode-snoezelen-en-maison-de-retraite-une-approche-sensorielle-pour-le-bien-etre-des-residents\/\">M\u00e9thode Snoezelen en maison de retraite : une approche sensorielle pour le bien-\u00eatre des r\u00e9sidents<\/a><\/li>\n\t\t<li class=\"wsp-post\"><a href=\"https:\/\/www.fuzeau.com\/blog\/animation-en-maison-de-retraite-guide-complet-pour-des-activites-enrichissantes\/\">Animation en maison de retraite : Guide complet pour des activit\u00e9s enrichissantes<\/a><\/li>\n\t\t<li class=\"wsp-post\"><a href=\"https:\/\/www.fuzeau.com\/blog\/la-musique-comme-moyen-de-communication-pour-les-seniors-non-verbaux\/\">La musique comme moyen de communication pour les s\u00e9niors non verbaux<\/a><\/li>\n\t\t<li class=\"wsp-post\"><a href=\"https:\/\/www.fuzeau.com\/blog\/creer-un-programme-musical-hebdomadaire-pour-les-seniors-guide-et-idees-pratiques\/\">Cr\u00e9er un programme musical hebdomadaire pour les s\u00e9niors : Guide et id\u00e9es pratiques<\/a><\/li>\n\t\t<li class=\"wsp-post\"><a href=\"https:\/\/www.fuzeau.com\/blog\/la-musique-pour-prevenir-le-declin-cognitif-chez-les-seniors\/\">La musique pour pr\u00e9venir le d\u00e9clin cognitif chez les s\u00e9niors<\/a><\/li>\n\t\t<li class=\"wsp-post\"><a href=\"https:\/\/www.fuzeau.com\/blog\/stimuler-les-capacites-motrices-des-seniors-grace-aux-percussions\/\">Stimuler les capacit\u00e9s motrices des s\u00e9niors gr\u00e2ce aux percussions<\/a><\/li>\n\t\t<li class=\"wsp-post\"><a href=\"https:\/\/www.fuzeau.com\/blog\/comment-la-musique-peut-elle-prevenir-le-declin-cognitif-chez-les-seniors\/\">Comment la musique peut-elle pr\u00e9venir le d\u00e9clin cognitif chez les s\u00e9niors ?<\/a><\/li>\n\t\t<li class=\"wsp-post\"><a href=\"https:\/\/www.fuzeau.com\/blog\/les-instruments-de-musique-adaptes-aux-seniors-une-source-de-bien-etre-et-de-souvenirs\/\">Les instruments de musique adapt\u00e9s aux s\u00e9niors : Une source de bien-\u00eatre et de souvenirs<\/a><\/li>\n\t\t<li class=\"wsp-post\"><a href=\"https:\/\/www.fuzeau.com\/blog\/lecoute-musicale-chez-les-seniors\/\">L&rsquo;\u00e9coute musicale chez les s\u00e9niors<\/a><\/li>\n\t\t<li class=\"wsp-post\"><a href=\"https:\/\/www.fuzeau.com\/blog\/comment-les-activites-musicales-renforcent-elles-les-liens-intergenerationnels\/\">Comment les activit\u00e9s musicales renforcent-elles les liens interg\u00e9n\u00e9rationnels ?<\/a><\/li>\n\t\t<li class=\"wsp-post\"><a href=\"https:\/\/www.fuzeau.com\/blog\/idees-d-animation-musicales-pour-les-seniors\/\">Id\u00e9es d&rsquo;animation musicale pour les s\u00e9niors<\/a><\/li>\n\t\t<li class=\"wsp-post\"><a href=\"https:\/\/www.fuzeau.com\/blog\/les-bienfaits-du-chant-pour-les-seniors\/\">Les bienfaits du chant pour les s\u00e9niors<\/a><\/li>\n\t\t<li class=\"wsp-post\"><a href=\"https:\/\/www.fuzeau.com\/blog\/les-bienfaits-de-la-musique-pour-les-seniors-en-ehpad\/\">Les bienfaits de la musique pour les s\u00e9niors en EHPAD<\/a><\/li>\n\t\t<li class=\"wsp-post\"><a href=\"https:\/\/www.fuzeau.com\/blog\/stimuler-la-memoire-des-seniors\/\">Stimuler la m\u00e9moire des s\u00e9niors<\/a><\/li>\n<\/ul><\/li>\n<\/ul>\n<\/div><\/div>\n\t\t\t\t<\/div>\n\t\t\t\t<\/div>\n\t\t\t\t\t<\/div>\n\t\t<\/div>\n\t\t\t\t\t<\/div>\n\t\t<\/section>\n\t\t\t\t<\/div>\n\t\t","protected":false},"excerpt":{"rendered":"<p>Plan du site<\/p>\n","protected":false},"author":1,"featured_media":0,"parent":0,"menu_order":0,"comment_status":"closed","ping_status":"closed","template":"","meta":{"footnotes":""},"class_list":["post-287","page","type-page","status-publish","hentry","entry"],"yoast_head":"<!-- This site is optimized with the Yoast SEO plugin v24.4 - https:\/\/yoast.com\/wordpress\/plugins\/seo\/ -->\n<title>Plan du site - Fuzeau - blog<\/title>\n<meta name=\"robots\" content=\"index, follow, max-snippet:-1, max-image-preview:large, max-video-preview:-1\" \/>\n<link rel=\"canonical\" href=\"https:\/\/www.fuzeau.com\/blog\/plan-du-site\/\" \/>\n<meta property=\"og:locale\" content=\"fr_FR\" \/>\n<meta property=\"og:type\" content=\"article\" \/>\n<meta property=\"og:title\" content=\"Plan du site - Fuzeau - blog\" \/>\n<meta property=\"og:description\" content=\"Plan du site\" \/>\n<meta property=\"og:url\" content=\"https:\/\/www.fuzeau.com\/blog\/plan-du-site\/\" \/>\n<meta property=\"og:site_name\" content=\"Fuzeau - blog\" \/>\n<meta property=\"article:modified_time\" content=\"2023-12-07T09:19:55+00:00\" \/>\n<meta name=\"twitter:card\" content=\"summary_large_image\" \/>\n<meta name=\"twitter:label1\" content=\"Dur\u00e9e de lecture estim\u00e9e\" \/>\n\t<meta name=\"twitter:data1\" content=\"1 minute\" \/>\n<script type=\"application\/ld+json\" class=\"yoast-schema-graph\">{\"@context\":\"https:\/\/schema.org\",\"@graph\":[{\"@type\":\"WebPage\",\"@id\":\"https:\/\/www.fuzeau.com\/blog\/plan-du-site\/\",\"url\":\"https:\/\/www.fuzeau.com\/blog\/plan-du-site\/\",\"name\":\"Plan du site - Fuzeau - blog\",\"isPartOf\":{\"@id\":\"https:\/\/www.fuzeau.com\/blog\/#website\"},\"datePublished\":\"2023-12-07T09:18:39+00:00\",\"dateModified\":\"2023-12-07T09:19:55+00:00\",\"breadcrumb\":{\"@id\":\"https:\/\/www.fuzeau.com\/blog\/plan-du-site\/#breadcrumb\"},\"inLanguage\":\"fr-FR\",\"potentialAction\":[{\"@type\":\"ReadAction\",\"target\":[\"https:\/\/www.fuzeau.com\/blog\/plan-du-site\/\"]}]},{\"@type\":\"BreadcrumbList\",\"@id\":\"https:\/\/www.fuzeau.com\/blog\/plan-du-site\/#breadcrumb\",\"itemListElement\":[{\"@type\":\"ListItem\",\"position\":1,\"name\":\"Guide\",\"item\":\"https:\/\/www.fuzeau.com\/blog\/\"},{\"@type\":\"ListItem\",\"position\":2,\"name\":\"Plan du site\"}]},{\"@type\":\"WebSite\",\"@id\":\"https:\/\/www.fuzeau.com\/blog\/#website\",\"url\":\"https:\/\/www.fuzeau.com\/blog\/\",\"name\":\"Fuzeau - blog\",\"description\":\"Le blog de l&#039;\u00e9veil musical | Fuzeau\",\"publisher\":{\"@id\":\"https:\/\/www.fuzeau.com\/blog\/#organization\"},\"potentialAction\":[{\"@type\":\"SearchAction\",\"target\":{\"@type\":\"EntryPoint\",\"urlTemplate\":\"https:\/\/www.fuzeau.com\/blog\/?s={search_term_string}\"},\"query-input\":{\"@type\":\"PropertyValueSpecification\",\"valueRequired\":true,\"valueName\":\"search_term_string\"}}],\"inLanguage\":\"fr-FR\"},{\"@type\":\"Organization\",\"@id\":\"https:\/\/www.fuzeau.com\/blog\/#organization\",\"name\":\"Fuzeau - blog\",\"url\":\"https:\/\/www.fuzeau.com\/blog\/\",\"logo\":{\"@type\":\"ImageObject\",\"inLanguage\":\"fr-FR\",\"@id\":\"https:\/\/www.fuzeau.com\/blog\/#\/schema\/logo\/image\/\",\"url\":\"https:\/\/www.fuzeau.com\/blog\/wp-content\/uploads\/2023\/10\/logo-fuzeau.png\",\"contentUrl\":\"https:\/\/www.fuzeau.com\/blog\/wp-content\/uploads\/2023\/10\/logo-fuzeau.png\",\"width\":300,\"height\":123,\"caption\":\"Fuzeau - blog\"},\"image\":{\"@id\":\"https:\/\/www.fuzeau.com\/blog\/#\/schema\/logo\/image\/\"}}]}<\/script>\n<!-- \/ Yoast SEO plugin. -->","yoast_head_json":{"title":"Plan du site - Fuzeau - blog","robots":{"index":"index","follow":"follow","max-snippet":"max-snippet:-1","max-image-preview":"max-image-preview:large","max-video-preview":"max-video-preview:-1"},"canonical":"https:\/\/www.fuzeau.com\/blog\/plan-du-site\/","og_locale":"fr_FR","og_type":"article","og_title":"Plan du site - Fuzeau - blog","og_description":"Plan du site","og_url":"https:\/\/www.fuzeau.com\/blog\/plan-du-site\/","og_site_name":"Fuzeau - blog","article_modified_time":"2023-12-07T09:19:55+00:00","twitter_card":"summary_large_image","twitter_misc":{"Dur\u00e9e de lecture estim\u00e9e":"1 minute"},"schema":{"@context":"https:\/\/schema.org","@graph":[{"@type":"WebPage","@id":"https:\/\/www.fuzeau.com\/blog\/plan-du-site\/","url":"https:\/\/www.fuzeau.com\/blog\/plan-du-site\/","name":"Plan du site - Fuzeau - blog","isPartOf":{"@id":"https:\/\/www.fuzeau.com\/blog\/#website"},"datePublished":"2023-12-07T09:18:39+00:00","dateModified":"2023-12-07T09:19:55+00:00","breadcrumb":{"@id":"https:\/\/www.fuzeau.com\/blog\/plan-du-site\/#breadcrumb"},"inLanguage":"fr-FR","potentialAction":[{"@type":"ReadAction","target":["https:\/\/www.fuzeau.com\/blog\/plan-du-site\/"]}]},{"@type":"BreadcrumbList","@id":"https:\/\/www.fuzeau.com\/blog\/plan-du-site\/#breadcrumb","itemListElement":[{"@type":"ListItem","position":1,"name":"Guide","item":"https:\/\/www.fuzeau.com\/blog\/"},{"@type":"ListItem","position":2,"name":"Plan du site"}]},{"@type":"WebSite","@id":"https:\/\/www.fuzeau.com\/blog\/#website","url":"https:\/\/www.fuzeau.com\/blog\/","name":"Fuzeau - blog","description":"Le blog de l&#039;\u00e9veil musical | Fuzeau","publisher":{"@id":"https:\/\/www.fuzeau.com\/blog\/#organization"},"potentialAction":[{"@type":"SearchAction","target":{"@type":"EntryPoint","urlTemplate":"https:\/\/www.fuzeau.com\/blog\/?s={search_term_string}"},"query-input":{"@type":"PropertyValueSpecification","valueRequired":true,"valueName":"search_term_string"}}],"inLanguage":"fr-FR"},{"@type":"Organization","@id":"https:\/\/www.fuzeau.com\/blog\/#organization","name":"Fuzeau - blog","url":"https:\/\/www.fuzeau.com\/blog\/","logo":{"@type":"ImageObject","inLanguage":"fr-FR","@id":"https:\/\/www.fuzeau.com\/blog\/#\/schema\/logo\/image\/","url":"https:\/\/www.fuzeau.com\/blog\/wp-content\/uploads\/2023\/10\/logo-fuzeau.png","contentUrl":"https:\/\/www.fuzeau.com\/blog\/wp-content\/uploads\/2023\/10\/logo-fuzeau.png","width":300,"height":123,"caption":"Fuzeau - blog"},"image":{"@id":"https:\/\/www.fuzeau.com\/blog\/#\/schema\/logo\/image\/"}}]}},"_links":{"self":[{"href":"https:\/\/www.fuzeau.com\/blog\/wp-json\/wp\/v2\/pages\/287","targetHints":{"allow":["GET"]}}],"collection":[{"href":"https:\/\/www.fuzeau.com\/blog\/wp-json\/wp\/v2\/pages"}],"about":[{"href":"https:\/\/www.fuzeau.com\/blog\/wp-json\/wp\/v2\/types\/page"}],"author":[{"embeddable":true,"href":"https:\/\/www.fuzeau.com\/blog\/wp-json\/wp\/v2\/users\/1"}],"replies":[{"embeddable":true,"href":"https:\/\/www.fuzeau.com\/blog\/wp-json\/wp\/v2\/comments?post=287"}],"version-history":[{"count":4,"href":"https:\/\/www.fuzeau.com\/blog\/wp-json\/wp\/v2\/pages\/287\/revisions"}],"predecessor-version":[{"id":291,"href":"https:\/\/www.fuzeau.com\/blog\/wp-json\/wp\/v2\/pages\/287\/revisions\/291"}],"wp:attachment":[{"href":"https:\/\/www.fuzeau.com\/blog\/wp-json\/wp\/v2\/media?parent=287"}],"curies":[{"name":"wp","href":"https:\/\/api.w.org\/{rel}","templated":true}]}}